{"id":76813,"date":"2026-03-10T16:36:14","date_gmt":"2026-03-10T15:36:14","guid":{"rendered":"https:\/\/ellebicalzature.it\/product\/mules-artisanales-avec-entre-doigts-et-semelle-anatomique\/"},"modified":"2026-03-10T16:36:14","modified_gmt":"2026-03-10T15:36:14","slug":"mules-artisanales-avec-entre-doigts-et-semelle-anatomique","status":"publish","type":"product","link":"https:\/\/ellebicalzature.it\/fr\/product\/mules-artisanales-avec-entre-doigts-et-semelle-anatomique\/","title":{"rendered":"Mules artisanales avec entre-doigts et semelle anatomique"},"content":{"rendered":"<p>Mules artisanales femme en cuir avec entre-doigts et boucle r\u00e9glable, con\u00e7ues pour offrir stabilit\u00e9 et ajustement pr\u00e9cis. La semelle anatomique assure un appui moelleux et un usage quotidien pratique et \u00e9l\u00e9gant. <\/p>\n","protected":false},"excerpt":{"rendered":"<p>Ces mules femme en cuir sont con\u00e7ues avec entre-doigts et une boucle r\u00e9glable qui permet de personnaliser lajustement de mani\u00e8re pr\u00e9cise et stable.<\/p>\n<p>La tige en cuir pleine fleur garantit durabilit\u00e9, r\u00e9sistance et un maintien uniforme du pied, tandis que la semelle anatomique est \u00e9tudi\u00e9e pour offrir un appui moelleux et r\u00e9duire la fatigue lors de lusage quotidien. La semelle ext\u00e9rieure l\u00e9g\u00e8re et antid\u00e9rapante assure une marche fluide et s\u00fbre, faisant de ces mules le choix id\u00e9al pour celles qui recherchent un mod\u00e8le pratique, technique et \u00e9l\u00e9gant \u00e0 la fois. <\/p>\n<p>R\u00e9alis\u00e9es \u00e0 la main par des artisans du Salento.<\/p>\n","protected":false},"featured_media":72494,"comment_status":"open","ping_status":"closed","template":"","meta":{"_monsterinsights_skip_tracking":false,"_monsterinsights_sitenote_active":false,"_monsterinsights_sitenote_note":"","_monsterinsights_sitenote_category":0},"product_brand":[],"product_cat":[1217,1228,1221],"product_tag":[1648],"class_list":{"0":"post-76813","1":"product","2":"type-product","3":"status-publish","4":"has-post-thumbnail","6":"product_cat-chaussures-artisanales-femme","7":"product_cat-mules-artisanales-femme","8":"product_cat-nouveautes","9":"product_tag-mules-artisanales-pour-femme","10":"pa_taglia-1349","11":"pa_taglia-1356","12":"pa_taglia-1354","13":"pa_taglia-1357","14":"pa_taglia-1355","15":"pa_taglia-1353","16":"pa_taglia-1352","17":"pa_taglia-1351","18":"pa_taglia-1350","20":"first","21":"instock","22":"taxable","23":"shipping-taxable","24":"purchasable","25":"product-type-variable"},"yoast_head":"<!-- This site is optimized with the Yoast SEO plugin v27.3 - https:\/\/yoast.com\/product\/yoast-seo-wordpress\/ -->\n<title>Mules artisanales avec entre-doigts et semelle anatomique | Ellebi<\/title>\n<meta name=\"description\" content=\"Mules artisanales femme en cuir avec entre-doigts et boucle r\u00e9glable, confortables et r\u00e9sistantes. Semelle anatomique et design technique.\" \/>\n<meta name=\"robots\" content=\"index, follow, max-snippet:-1, max-image-preview:large, max-video-preview:-1\" \/>\n<link rel=\"canonical\" href=\"https:\/\/ellebicalzature.it\/fr\/product\/mules-artisanales-avec-entre-doigts-et-semelle-anatomique\/\" \/>\n<meta property=\"og:locale\" content=\"fr_FR\" \/>\n<meta property=\"og:type\" content=\"article\" \/>\n<meta property=\"og:title\" content=\"Mules artisanales avec entre-doigts et semelle anatomique | Ellebi\" \/>\n<meta property=\"og:description\" content=\"Mules artisanales femme en cuir avec entre-doigts et boucle r\u00e9glable, confortables et r\u00e9sistantes. Semelle anatomique et design technique.\" \/>\n<meta property=\"og:url\" content=\"https:\/\/ellebicalzature.it\/fr\/product\/mules-artisanales-avec-entre-doigts-et-semelle-anatomique\/\" \/>\n<meta property=\"og:site_name\" content=\"Ellebi\" \/>\n<meta property=\"article:publisher\" content=\"https:\/\/www.facebook.com\/ellebisandaliartigianaligallipoli\/\" \/>\n<meta property=\"og:image\" content=\"https:\/\/ellebicalzature.it\/wp-content\/uploads\/2026\/03\/immagine_1773319532-e1773320951677.webp\" \/>\n\t<meta property=\"og:image:width\" content=\"1490\" \/>\n\t<meta property=\"og:image:height\" content=\"1457\" \/>\n\t<meta property=\"og:image:type\" content=\"image\/webp\" \/>\n<meta name=\"twitter:card\" content=\"summary_large_image\" \/>\n<script type=\"application\/ld+json\" class=\"yoast-schema-graph\">{\"@context\":\"https:\\\/\\\/schema.org\",\"@graph\":[{\"@type\":\"WebPage\",\"@id\":\"https:\\\/\\\/ellebicalzature.it\\\/fr\\\/product\\\/mules-artisanales-avec-entre-doigts-et-semelle-anatomique\\\/\",\"url\":\"https:\\\/\\\/ellebicalzature.it\\\/fr\\\/product\\\/mules-artisanales-avec-entre-doigts-et-semelle-anatomique\\\/\",\"name\":\"Mules artisanales avec entre-doigts et semelle anatomique | Ellebi\",\"isPartOf\":{\"@id\":\"https:\\\/\\\/ellebicalzature.it\\\/fr\\\/#website\"},\"primaryImageOfPage\":{\"@id\":\"https:\\\/\\\/ellebicalzature.it\\\/fr\\\/product\\\/mules-artisanales-avec-entre-doigts-et-semelle-anatomique\\\/#primaryimage\"},\"image\":{\"@id\":\"https:\\\/\\\/ellebicalzature.it\\\/fr\\\/product\\\/mules-artisanales-avec-entre-doigts-et-semelle-anatomique\\\/#primaryimage\"},\"thumbnailUrl\":\"https:\\\/\\\/ellebicalzature.it\\\/wp-content\\\/uploads\\\/2026\\\/03\\\/immagine_1773319532-e1773320951677.webp\",\"datePublished\":\"2026-03-10T15:36:14+00:00\",\"description\":\"Mules artisanales femme en cuir avec entre-doigts et boucle r\u00e9glable, confortables et r\u00e9sistantes. Semelle anatomique et design technique.\",\"breadcrumb\":{\"@id\":\"https:\\\/\\\/ellebicalzature.it\\\/fr\\\/product\\\/mules-artisanales-avec-entre-doigts-et-semelle-anatomique\\\/#breadcrumb\"},\"inLanguage\":\"fr-FR\",\"potentialAction\":[{\"@type\":\"ReadAction\",\"target\":[\"https:\\\/\\\/ellebicalzature.it\\\/fr\\\/product\\\/mules-artisanales-avec-entre-doigts-et-semelle-anatomique\\\/\"]}]},{\"@type\":\"ImageObject\",\"inLanguage\":\"fr-FR\",\"@id\":\"https:\\\/\\\/ellebicalzature.it\\\/fr\\\/product\\\/mules-artisanales-avec-entre-doigts-et-semelle-anatomique\\\/#primaryimage\",\"url\":\"https:\\\/\\\/ellebicalzature.it\\\/wp-content\\\/uploads\\\/2026\\\/03\\\/immagine_1773319532-e1773320951677.webp\",\"contentUrl\":\"https:\\\/\\\/ellebicalzature.it\\\/wp-content\\\/uploads\\\/2026\\\/03\\\/immagine_1773319532-e1773320951677.webp\",\"width\":1490,\"height\":1457},{\"@type\":\"BreadcrumbList\",\"@id\":\"https:\\\/\\\/ellebicalzature.it\\\/fr\\\/product\\\/mules-artisanales-avec-entre-doigts-et-semelle-anatomique\\\/#breadcrumb\",\"itemListElement\":[{\"@type\":\"ListItem\",\"position\":1,\"name\":\"Home\",\"item\":\"https:\\\/\\\/ellebicalzature.it\\\/fr\\\/\"},{\"@type\":\"ListItem\",\"position\":2,\"name\":\"Boutique\",\"item\":\"https:\\\/\\\/ellebicalzature.it\\\/fr\\\/boutique\\\/\"},{\"@type\":\"ListItem\",\"position\":3,\"name\":\"Mules artisanales avec entre-doigts et semelle anatomique\"}]},{\"@type\":\"WebSite\",\"@id\":\"https:\\\/\\\/ellebicalzature.it\\\/fr\\\/#website\",\"url\":\"https:\\\/\\\/ellebicalzature.it\\\/fr\\\/\",\"name\":\"Elleb\u00ec\",\"description\":\"Calzature e accessori Gallipoli\",\"publisher\":{\"@id\":\"https:\\\/\\\/ellebicalzature.it\\\/fr\\\/#organization\"},\"alternateName\":\"Elleb\u00ec | Calzature Gallipoli\",\"potentialAction\":[{\"@type\":\"SearchAction\",\"target\":{\"@type\":\"EntryPoint\",\"urlTemplate\":\"https:\\\/\\\/ellebicalzature.it\\\/fr\\\/?s={search_term_string}\"},\"query-input\":{\"@type\":\"PropertyValueSpecification\",\"valueRequired\":true,\"valueName\":\"search_term_string\"}}],\"inLanguage\":\"fr-FR\"},{\"@type\":\"Organization\",\"@id\":\"https:\\\/\\\/ellebicalzature.it\\\/fr\\\/#organization\",\"name\":\"Ellebi\",\"url\":\"https:\\\/\\\/ellebicalzature.it\\\/fr\\\/\",\"logo\":{\"@type\":\"ImageObject\",\"inLanguage\":\"fr-FR\",\"@id\":\"https:\\\/\\\/ellebicalzature.it\\\/fr\\\/#\\\/schema\\\/logo\\\/image\\\/\",\"url\":\"https:\\\/\\\/ellebicalzature.it\\\/wp-content\\\/uploads\\\/2024\\\/04\\\/logo-ellebi.png\",\"contentUrl\":\"https:\\\/\\\/ellebicalzature.it\\\/wp-content\\\/uploads\\\/2024\\\/04\\\/logo-ellebi.png\",\"width\":221,\"height\":131,\"caption\":\"Ellebi\"},\"image\":{\"@id\":\"https:\\\/\\\/ellebicalzature.it\\\/fr\\\/#\\\/schema\\\/logo\\\/image\\\/\"},\"sameAs\":[\"https:\\\/\\\/www.facebook.com\\\/ellebisandaliartigianaligallipoli\\\/\",\"https:\\\/\\\/www.instagram.com\\\/ellebicalzature\\\/?hl=it\"]}]}<\/script>\n<!-- \/ Yoast SEO plugin. -->","yoast_head_json":{"title":"Mules artisanales avec entre-doigts et semelle anatomique | Ellebi","description":"Mules artisanales femme en cuir avec entre-doigts et boucle r\u00e9glable, confortables et r\u00e9sistantes. Semelle anatomique et design technique.","robots":{"index":"index","follow":"follow","max-snippet":"max-snippet:-1","max-image-preview":"max-image-preview:large","max-video-preview":"max-video-preview:-1"},"canonical":"https:\/\/ellebicalzature.it\/fr\/product\/mules-artisanales-avec-entre-doigts-et-semelle-anatomique\/","og_locale":"fr_FR","og_type":"article","og_title":"Mules artisanales avec entre-doigts et semelle anatomique | Ellebi","og_description":"Mules artisanales femme en cuir avec entre-doigts et boucle r\u00e9glable, confortables et r\u00e9sistantes. Semelle anatomique et design technique.","og_url":"https:\/\/ellebicalzature.it\/fr\/product\/mules-artisanales-avec-entre-doigts-et-semelle-anatomique\/","og_site_name":"Ellebi","article_publisher":"https:\/\/www.facebook.com\/ellebisandaliartigianaligallipoli\/","og_image":[{"width":1490,"height":1457,"url":"https:\/\/ellebicalzature.it\/wp-content\/uploads\/2026\/03\/immagine_1773319532-e1773320951677.webp","type":"image\/webp"}],"twitter_card":"summary_large_image","schema":{"@context":"https:\/\/schema.org","@graph":[{"@type":"WebPage","@id":"https:\/\/ellebicalzature.it\/fr\/product\/mules-artisanales-avec-entre-doigts-et-semelle-anatomique\/","url":"https:\/\/ellebicalzature.it\/fr\/product\/mules-artisanales-avec-entre-doigts-et-semelle-anatomique\/","name":"Mules artisanales avec entre-doigts et semelle anatomique | Ellebi","isPartOf":{"@id":"https:\/\/ellebicalzature.it\/fr\/#website"},"primaryImageOfPage":{"@id":"https:\/\/ellebicalzature.it\/fr\/product\/mules-artisanales-avec-entre-doigts-et-semelle-anatomique\/#primaryimage"},"image":{"@id":"https:\/\/ellebicalzature.it\/fr\/product\/mules-artisanales-avec-entre-doigts-et-semelle-anatomique\/#primaryimage"},"thumbnailUrl":"https:\/\/ellebicalzature.it\/wp-content\/uploads\/2026\/03\/immagine_1773319532-e1773320951677.webp","datePublished":"2026-03-10T15:36:14+00:00","description":"Mules artisanales femme en cuir avec entre-doigts et boucle r\u00e9glable, confortables et r\u00e9sistantes. Semelle anatomique et design technique.","breadcrumb":{"@id":"https:\/\/ellebicalzature.it\/fr\/product\/mules-artisanales-avec-entre-doigts-et-semelle-anatomique\/#breadcrumb"},"inLanguage":"fr-FR","potentialAction":[{"@type":"ReadAction","target":["https:\/\/ellebicalzature.it\/fr\/product\/mules-artisanales-avec-entre-doigts-et-semelle-anatomique\/"]}]},{"@type":"ImageObject","inLanguage":"fr-FR","@id":"https:\/\/ellebicalzature.it\/fr\/product\/mules-artisanales-avec-entre-doigts-et-semelle-anatomique\/#primaryimage","url":"https:\/\/ellebicalzature.it\/wp-content\/uploads\/2026\/03\/immagine_1773319532-e1773320951677.webp","contentUrl":"https:\/\/ellebicalzature.it\/wp-content\/uploads\/2026\/03\/immagine_1773319532-e1773320951677.webp","width":1490,"height":1457},{"@type":"BreadcrumbList","@id":"https:\/\/ellebicalzature.it\/fr\/product\/mules-artisanales-avec-entre-doigts-et-semelle-anatomique\/#breadcrumb","itemListElement":[{"@type":"ListItem","position":1,"name":"Home","item":"https:\/\/ellebicalzature.it\/fr\/"},{"@type":"ListItem","position":2,"name":"Boutique","item":"https:\/\/ellebicalzature.it\/fr\/boutique\/"},{"@type":"ListItem","position":3,"name":"Mules artisanales avec entre-doigts et semelle anatomique"}]},{"@type":"WebSite","@id":"https:\/\/ellebicalzature.it\/fr\/#website","url":"https:\/\/ellebicalzature.it\/fr\/","name":"Elleb\u00ec","description":"Calzature e accessori Gallipoli","publisher":{"@id":"https:\/\/ellebicalzature.it\/fr\/#organization"},"alternateName":"Elleb\u00ec | Calzature Gallipoli","potentialAction":[{"@type":"SearchAction","target":{"@type":"EntryPoint","urlTemplate":"https:\/\/ellebicalzature.it\/fr\/?s={search_term_string}"},"query-input":{"@type":"PropertyValueSpecification","valueRequired":true,"valueName":"search_term_string"}}],"inLanguage":"fr-FR"},{"@type":"Organization","@id":"https:\/\/ellebicalzature.it\/fr\/#organization","name":"Ellebi","url":"https:\/\/ellebicalzature.it\/fr\/","logo":{"@type":"ImageObject","inLanguage":"fr-FR","@id":"https:\/\/ellebicalzature.it\/fr\/#\/schema\/logo\/image\/","url":"https:\/\/ellebicalzature.it\/wp-content\/uploads\/2024\/04\/logo-ellebi.png","contentUrl":"https:\/\/ellebicalzature.it\/wp-content\/uploads\/2024\/04\/logo-ellebi.png","width":221,"height":131,"caption":"Ellebi"},"image":{"@id":"https:\/\/ellebicalzature.it\/fr\/#\/schema\/logo\/image\/"},"sameAs":["https:\/\/www.facebook.com\/ellebisandaliartigianaligallipoli\/","https:\/\/www.instagram.com\/ellebicalzature\/?hl=it"]}]}},"_links":{"self":[{"href":"https:\/\/ellebicalzature.it\/fr\/wp-json\/wp\/v2\/product\/76813","targetHints":{"allow":["GET"]}}],"collection":[{"href":"https:\/\/ellebicalzature.it\/fr\/wp-json\/wp\/v2\/product"}],"about":[{"href":"https:\/\/ellebicalzature.it\/fr\/wp-json\/wp\/v2\/types\/product"}],"replies":[{"embeddable":true,"href":"https:\/\/ellebicalzature.it\/fr\/wp-json\/wp\/v2\/comments?post=76813"}],"version-history":[{"count":0,"href":"https:\/\/ellebicalzature.it\/fr\/wp-json\/wp\/v2\/product\/76813\/revisions"}],"wp:featuredmedia":[{"embeddable":true,"href":"https:\/\/ellebicalzature.it\/fr\/wp-json\/wp\/v2\/media\/72494"}],"wp:attachment":[{"href":"https:\/\/ellebicalzature.it\/fr\/wp-json\/wp\/v2\/media?parent=76813"}],"wp:term":[{"taxonomy":"product_brand","embeddable":true,"href":"https:\/\/ellebicalzature.it\/fr\/wp-json\/wp\/v2\/product_brand?post=76813"},{"taxonomy":"product_cat","embeddable":true,"href":"https:\/\/ellebicalzature.it\/fr\/wp-json\/wp\/v2\/product_cat?post=76813"},{"taxonomy":"product_tag","embeddable":true,"href":"https:\/\/ellebicalzature.it\/fr\/wp-json\/wp\/v2\/product_tag?post=76813"}],"curies":[{"name":"wp","href":"https:\/\/api.w.org\/{rel}","templated":true}]}}