{"id":77026,"date":"2026-03-10T16:34:21","date_gmt":"2026-03-10T15:34:21","guid":{"rendered":"https:\/\/ellebicalzature.it\/product\/mules-bijoux-modele-h-avec-accessoires\/"},"modified":"2026-03-10T16:34:21","modified_gmt":"2026-03-10T15:34:21","slug":"mules-bijoux-modele-h-avec-accessoires","status":"publish","type":"product","link":"https:\/\/ellebicalzature.it\/fr\/product\/mules-bijoux-modele-h-avec-accessoires\/","title":{"rendered":"Mules bijoux mod\u00e8le H avec accessoires"},"content":{"rendered":"<p>Mules bijoux artisanales en cuir, mod\u00e8le H avec accessoires, agr\u00e9ment\u00e9es de d\u00e9tails lumineux.<\/p>\n","protected":false},"excerpt":{"rendered":"<p>Mules bijoux artisanales mod\u00e8le H avec accessoires, r\u00e9alis\u00e9es avec des mat\u00e9riaux de haute qualit\u00e9 par des artisans du Salento. Laccessoire floral bijou, riche en \u00e9l\u00e9ments lumineux, apporte caract\u00e8re et raffinement au mod\u00e8le. La version couleur cuir est r\u00e9alis\u00e9e en daim, tandis que les deux autres variantes de couleur sont en cuir lisse. La semelle int\u00e9rieure soft garantit confort et soutien, tandis que le talon en cuir de 5 cm offre une \u00e9l\u00e9vation \u00e9lanc\u00e9e, id\u00e9ale pour allier f\u00e9minit\u00e9 et confort.   <\/p>\n","protected":false},"featured_media":71643,"comment_status":"open","ping_status":"closed","template":"","meta":{"_monsterinsights_skip_tracking":false,"_monsterinsights_sitenote_active":false,"_monsterinsights_sitenote_note":"","_monsterinsights_sitenote_category":0},"product_brand":[],"product_cat":[1217,1228,1221,1212],"product_tag":[2757,1781],"class_list":{"0":"post-77026","1":"product","2":"type-product","3":"status-publish","4":"has-post-thumbnail","6":"product_cat-chaussures-artisanales-femme","7":"product_cat-mules-artisanales-femme","8":"product_cat-nouveautes","9":"product_cat-sandales-artisanales-femme-bijoux","10":"product_tag-mules-bijoux","11":"product_tag-mules-bijoux-artisanales","12":"pa_colore-bleu","13":"pa_colore-daim-cuir","14":"pa_colore-platine","15":"pa_taglia-1757","16":"pa_taglia-1756","17":"pa_taglia-1349","18":"pa_taglia-1356","19":"pa_taglia-1354","20":"pa_taglia-1357","21":"pa_taglia-1355","22":"pa_taglia-1353","23":"pa_taglia-1352","24":"pa_taglia-1351","25":"pa_taglia-1350","27":"first","28":"instock","29":"taxable","30":"shipping-taxable","31":"purchasable","32":"product-type-variable"},"yoast_head":"<!-- This site is optimized with the Yoast SEO plugin v27.3 - https:\/\/yoast.com\/product\/yoast-seo-wordpress\/ -->\n<title>Mules bijoux mod\u00e8le H avec accessoires | Ellebi<\/title>\n<meta name=\"description\" content=\"Mules bijoux artisanales mod\u00e8le H avec accessoire floral, en daim ou en cuir, semelle int\u00e9rieure soft et talon en cuir de 5 cm.\" \/>\n<meta name=\"robots\" content=\"index, follow, max-snippet:-1, max-image-preview:large, max-video-preview:-1\" \/>\n<link rel=\"canonical\" href=\"https:\/\/ellebicalzature.it\/fr\/product\/mules-bijoux-modele-h-avec-accessoires\/\" \/>\n<meta property=\"og:locale\" content=\"fr_FR\" \/>\n<meta property=\"og:type\" content=\"article\" \/>\n<meta property=\"og:title\" content=\"Mules bijoux mod\u00e8le H avec accessoires | Ellebi\" \/>\n<meta property=\"og:description\" content=\"Mules bijoux artisanales mod\u00e8le H avec accessoire floral, en daim ou en cuir, semelle int\u00e9rieure soft et talon en cuir de 5 cm.\" \/>\n<meta property=\"og:url\" content=\"https:\/\/ellebicalzature.it\/fr\/product\/mules-bijoux-modele-h-avec-accessoires\/\" \/>\n<meta property=\"og:site_name\" content=\"Ellebi\" \/>\n<meta property=\"article:publisher\" content=\"https:\/\/www.facebook.com\/ellebisandaliartigianaligallipoli\/\" \/>\n<meta property=\"og:image\" content=\"https:\/\/ellebicalzature.it\/wp-content\/uploads\/2026\/01\/immagine_1768558041-e1773159381250.webp\" \/>\n\t<meta property=\"og:image:width\" content=\"1446\" \/>\n\t<meta property=\"og:image:height\" content=\"1320\" \/>\n\t<meta property=\"og:image:type\" content=\"image\/webp\" \/>\n<meta name=\"twitter:card\" content=\"summary_large_image\" \/>\n<script type=\"application\/ld+json\" class=\"yoast-schema-graph\">{\"@context\":\"https:\\\/\\\/schema.org\",\"@graph\":[{\"@type\":\"WebPage\",\"@id\":\"https:\\\/\\\/ellebicalzature.it\\\/fr\\\/product\\\/mules-bijoux-modele-h-avec-accessoires\\\/\",\"url\":\"https:\\\/\\\/ellebicalzature.it\\\/fr\\\/product\\\/mules-bijoux-modele-h-avec-accessoires\\\/\",\"name\":\"Mules bijoux mod\u00e8le H avec accessoires | Ellebi\",\"isPartOf\":{\"@id\":\"https:\\\/\\\/ellebicalzature.it\\\/fr\\\/#website\"},\"primaryImageOfPage\":{\"@id\":\"https:\\\/\\\/ellebicalzature.it\\\/fr\\\/product\\\/mules-bijoux-modele-h-avec-accessoires\\\/#primaryimage\"},\"image\":{\"@id\":\"https:\\\/\\\/ellebicalzature.it\\\/fr\\\/product\\\/mules-bijoux-modele-h-avec-accessoires\\\/#primaryimage\"},\"thumbnailUrl\":\"https:\\\/\\\/ellebicalzature.it\\\/wp-content\\\/uploads\\\/2026\\\/01\\\/immagine_1768558041-e1773159381250.webp\",\"datePublished\":\"2026-03-10T15:34:21+00:00\",\"description\":\"Mules bijoux artisanales mod\u00e8le H avec accessoire floral, en daim ou en cuir, semelle int\u00e9rieure soft et talon en cuir de 5 cm.\",\"breadcrumb\":{\"@id\":\"https:\\\/\\\/ellebicalzature.it\\\/fr\\\/product\\\/mules-bijoux-modele-h-avec-accessoires\\\/#breadcrumb\"},\"inLanguage\":\"fr-FR\",\"potentialAction\":[{\"@type\":\"ReadAction\",\"target\":[\"https:\\\/\\\/ellebicalzature.it\\\/fr\\\/product\\\/mules-bijoux-modele-h-avec-accessoires\\\/\"]}]},{\"@type\":\"ImageObject\",\"inLanguage\":\"fr-FR\",\"@id\":\"https:\\\/\\\/ellebicalzature.it\\\/fr\\\/product\\\/mules-bijoux-modele-h-avec-accessoires\\\/#primaryimage\",\"url\":\"https:\\\/\\\/ellebicalzature.it\\\/wp-content\\\/uploads\\\/2026\\\/01\\\/immagine_1768558041-e1773159381250.webp\",\"contentUrl\":\"https:\\\/\\\/ellebicalzature.it\\\/wp-content\\\/uploads\\\/2026\\\/01\\\/immagine_1768558041-e1773159381250.webp\",\"width\":1446,\"height\":1320},{\"@type\":\"BreadcrumbList\",\"@id\":\"https:\\\/\\\/ellebicalzature.it\\\/fr\\\/product\\\/mules-bijoux-modele-h-avec-accessoires\\\/#breadcrumb\",\"itemListElement\":[{\"@type\":\"ListItem\",\"position\":1,\"name\":\"Home\",\"item\":\"https:\\\/\\\/ellebicalzature.it\\\/fr\\\/\"},{\"@type\":\"ListItem\",\"position\":2,\"name\":\"Boutique\",\"item\":\"https:\\\/\\\/ellebicalzature.it\\\/fr\\\/boutique\\\/\"},{\"@type\":\"ListItem\",\"position\":3,\"name\":\"Mules bijoux mod\u00e8le H avec accessoires\"}]},{\"@type\":\"WebSite\",\"@id\":\"https:\\\/\\\/ellebicalzature.it\\\/fr\\\/#website\",\"url\":\"https:\\\/\\\/ellebicalzature.it\\\/fr\\\/\",\"name\":\"Elleb\u00ec\",\"description\":\"Calzature e accessori Gallipoli\",\"publisher\":{\"@id\":\"https:\\\/\\\/ellebicalzature.it\\\/fr\\\/#organization\"},\"alternateName\":\"Elleb\u00ec | Calzature Gallipoli\",\"potentialAction\":[{\"@type\":\"SearchAction\",\"target\":{\"@type\":\"EntryPoint\",\"urlTemplate\":\"https:\\\/\\\/ellebicalzature.it\\\/fr\\\/?s={search_term_string}\"},\"query-input\":{\"@type\":\"PropertyValueSpecification\",\"valueRequired\":true,\"valueName\":\"search_term_string\"}}],\"inLanguage\":\"fr-FR\"},{\"@type\":\"Organization\",\"@id\":\"https:\\\/\\\/ellebicalzature.it\\\/fr\\\/#organization\",\"name\":\"Ellebi\",\"url\":\"https:\\\/\\\/ellebicalzature.it\\\/fr\\\/\",\"logo\":{\"@type\":\"ImageObject\",\"inLanguage\":\"fr-FR\",\"@id\":\"https:\\\/\\\/ellebicalzature.it\\\/fr\\\/#\\\/schema\\\/logo\\\/image\\\/\",\"url\":\"https:\\\/\\\/ellebicalzature.it\\\/wp-content\\\/uploads\\\/2024\\\/04\\\/logo-ellebi.png\",\"contentUrl\":\"https:\\\/\\\/ellebicalzature.it\\\/wp-content\\\/uploads\\\/2024\\\/04\\\/logo-ellebi.png\",\"width\":221,\"height\":131,\"caption\":\"Ellebi\"},\"image\":{\"@id\":\"https:\\\/\\\/ellebicalzature.it\\\/fr\\\/#\\\/schema\\\/logo\\\/image\\\/\"},\"sameAs\":[\"https:\\\/\\\/www.facebook.com\\\/ellebisandaliartigianaligallipoli\\\/\",\"https:\\\/\\\/www.instagram.com\\\/ellebicalzature\\\/?hl=it\"]}]}<\/script>\n<!-- \/ Yoast SEO plugin. -->","yoast_head_json":{"title":"Mules bijoux mod\u00e8le H avec accessoires | Ellebi","description":"Mules bijoux artisanales mod\u00e8le H avec accessoire floral, en daim ou en cuir, semelle int\u00e9rieure soft et talon en cuir de 5 cm.","robots":{"index":"index","follow":"follow","max-snippet":"max-snippet:-1","max-image-preview":"max-image-preview:large","max-video-preview":"max-video-preview:-1"},"canonical":"https:\/\/ellebicalzature.it\/fr\/product\/mules-bijoux-modele-h-avec-accessoires\/","og_locale":"fr_FR","og_type":"article","og_title":"Mules bijoux mod\u00e8le H avec accessoires | Ellebi","og_description":"Mules bijoux artisanales mod\u00e8le H avec accessoire floral, en daim ou en cuir, semelle int\u00e9rieure soft et talon en cuir de 5 cm.","og_url":"https:\/\/ellebicalzature.it\/fr\/product\/mules-bijoux-modele-h-avec-accessoires\/","og_site_name":"Ellebi","article_publisher":"https:\/\/www.facebook.com\/ellebisandaliartigianaligallipoli\/","og_image":[{"width":1446,"height":1320,"url":"https:\/\/ellebicalzature.it\/wp-content\/uploads\/2026\/01\/immagine_1768558041-e1773159381250.webp","type":"image\/webp"}],"twitter_card":"summary_large_image","schema":{"@context":"https:\/\/schema.org","@graph":[{"@type":"WebPage","@id":"https:\/\/ellebicalzature.it\/fr\/product\/mules-bijoux-modele-h-avec-accessoires\/","url":"https:\/\/ellebicalzature.it\/fr\/product\/mules-bijoux-modele-h-avec-accessoires\/","name":"Mules bijoux mod\u00e8le H avec accessoires | Ellebi","isPartOf":{"@id":"https:\/\/ellebicalzature.it\/fr\/#website"},"primaryImageOfPage":{"@id":"https:\/\/ellebicalzature.it\/fr\/product\/mules-bijoux-modele-h-avec-accessoires\/#primaryimage"},"image":{"@id":"https:\/\/ellebicalzature.it\/fr\/product\/mules-bijoux-modele-h-avec-accessoires\/#primaryimage"},"thumbnailUrl":"https:\/\/ellebicalzature.it\/wp-content\/uploads\/2026\/01\/immagine_1768558041-e1773159381250.webp","datePublished":"2026-03-10T15:34:21+00:00","description":"Mules bijoux artisanales mod\u00e8le H avec accessoire floral, en daim ou en cuir, semelle int\u00e9rieure soft et talon en cuir de 5 cm.","breadcrumb":{"@id":"https:\/\/ellebicalzature.it\/fr\/product\/mules-bijoux-modele-h-avec-accessoires\/#breadcrumb"},"inLanguage":"fr-FR","potentialAction":[{"@type":"ReadAction","target":["https:\/\/ellebicalzature.it\/fr\/product\/mules-bijoux-modele-h-avec-accessoires\/"]}]},{"@type":"ImageObject","inLanguage":"fr-FR","@id":"https:\/\/ellebicalzature.it\/fr\/product\/mules-bijoux-modele-h-avec-accessoires\/#primaryimage","url":"https:\/\/ellebicalzature.it\/wp-content\/uploads\/2026\/01\/immagine_1768558041-e1773159381250.webp","contentUrl":"https:\/\/ellebicalzature.it\/wp-content\/uploads\/2026\/01\/immagine_1768558041-e1773159381250.webp","width":1446,"height":1320},{"@type":"BreadcrumbList","@id":"https:\/\/ellebicalzature.it\/fr\/product\/mules-bijoux-modele-h-avec-accessoires\/#breadcrumb","itemListElement":[{"@type":"ListItem","position":1,"name":"Home","item":"https:\/\/ellebicalzature.it\/fr\/"},{"@type":"ListItem","position":2,"name":"Boutique","item":"https:\/\/ellebicalzature.it\/fr\/boutique\/"},{"@type":"ListItem","position":3,"name":"Mules bijoux mod\u00e8le H avec accessoires"}]},{"@type":"WebSite","@id":"https:\/\/ellebicalzature.it\/fr\/#website","url":"https:\/\/ellebicalzature.it\/fr\/","name":"Elleb\u00ec","description":"Calzature e accessori Gallipoli","publisher":{"@id":"https:\/\/ellebicalzature.it\/fr\/#organization"},"alternateName":"Elleb\u00ec | Calzature Gallipoli","potentialAction":[{"@type":"SearchAction","target":{"@type":"EntryPoint","urlTemplate":"https:\/\/ellebicalzature.it\/fr\/?s={search_term_string}"},"query-input":{"@type":"PropertyValueSpecification","valueRequired":true,"valueName":"search_term_string"}}],"inLanguage":"fr-FR"},{"@type":"Organization","@id":"https:\/\/ellebicalzature.it\/fr\/#organization","name":"Ellebi","url":"https:\/\/ellebicalzature.it\/fr\/","logo":{"@type":"ImageObject","inLanguage":"fr-FR","@id":"https:\/\/ellebicalzature.it\/fr\/#\/schema\/logo\/image\/","url":"https:\/\/ellebicalzature.it\/wp-content\/uploads\/2024\/04\/logo-ellebi.png","contentUrl":"https:\/\/ellebicalzature.it\/wp-content\/uploads\/2024\/04\/logo-ellebi.png","width":221,"height":131,"caption":"Ellebi"},"image":{"@id":"https:\/\/ellebicalzature.it\/fr\/#\/schema\/logo\/image\/"},"sameAs":["https:\/\/www.facebook.com\/ellebisandaliartigianaligallipoli\/","https:\/\/www.instagram.com\/ellebicalzature\/?hl=it"]}]}},"_links":{"self":[{"href":"https:\/\/ellebicalzature.it\/fr\/wp-json\/wp\/v2\/product\/77026","targetHints":{"allow":["GET"]}}],"collection":[{"href":"https:\/\/ellebicalzature.it\/fr\/wp-json\/wp\/v2\/product"}],"about":[{"href":"https:\/\/ellebicalzature.it\/fr\/wp-json\/wp\/v2\/types\/product"}],"replies":[{"embeddable":true,"href":"https:\/\/ellebicalzature.it\/fr\/wp-json\/wp\/v2\/comments?post=77026"}],"version-history":[{"count":0,"href":"https:\/\/ellebicalzature.it\/fr\/wp-json\/wp\/v2\/product\/77026\/revisions"}],"wp:featuredmedia":[{"embeddable":true,"href":"https:\/\/ellebicalzature.it\/fr\/wp-json\/wp\/v2\/media\/71643"}],"wp:attachment":[{"href":"https:\/\/ellebicalzature.it\/fr\/wp-json\/wp\/v2\/media?parent=77026"}],"wp:term":[{"taxonomy":"product_brand","embeddable":true,"href":"https:\/\/ellebicalzature.it\/fr\/wp-json\/wp\/v2\/product_brand?post=77026"},{"taxonomy":"product_cat","embeddable":true,"href":"https:\/\/ellebicalzature.it\/fr\/wp-json\/wp\/v2\/product_cat?post=77026"},{"taxonomy":"product_tag","embeddable":true,"href":"https:\/\/ellebicalzature.it\/fr\/wp-json\/wp\/v2\/product_tag?post=77026"}],"curies":[{"name":"wp","href":"https:\/\/api.w.org\/{rel}","templated":true}]}}