{"id":79935,"date":"2026-05-12T11:57:58","date_gmt":"2026-05-12T10:57:58","guid":{"rendered":"https:\/\/ellebicalzature.it\/?post_type=product&#038;p=79935"},"modified":"2026-05-12T11:57:59","modified_gmt":"2026-05-12T10:57:59","slug":"talons-artisanaux-en-daim-jeans-avec-noeud","status":"publish","type":"product","link":"https:\/\/ellebicalzature.it\/fr\/product\/talons-artisanaux-en-daim-jeans-avec-noeud\/","title":{"rendered":"Talons artisanaux en daim jeans avec n\u0153ud"},"content":{"rendered":"<p>Sandales artisanales en daim couleur jeans avec \u00e9l\u00e9gant n\u0153ud frontal et talon 4 cm.<\/p>\n","protected":false},"excerpt":{"rendered":"<p>Sandales artisanales en daim souple couleur jeans, rehauss\u00e9es d&rsquo;un \u00e9l\u00e9gant n\u0153ud frontal et d&rsquo;une fine bride \u00e0 la cheville. Le talon de 4 cm garantit confort et stabilit\u00e9 tout au long de la journ\u00e9e, tout en conservant une ligne f\u00e9minine et \u00e9pur\u00e9e. R\u00e9alis\u00e9es avec semelle int\u00e9rieure en v\u00e9ritable cuir pour un chaussant naturel et confortable, elles sont compl\u00e9t\u00e9es par une semelle antid\u00e9rapante qui assure davantage de s\u00e9curit\u00e9 et de praticit\u00e9 \u00e0 chaque pas.  <\/p>\n","protected":false},"featured_media":80253,"comment_status":"open","ping_status":"closed","template":"","meta":{"_monsterinsights_skip_tracking":false,"_monsterinsights_sitenote_active":false,"_monsterinsights_sitenote_note":"","_monsterinsights_sitenote_category":0},"product_brand":[],"product_cat":[1217,1227],"product_tag":[2919,1687],"class_list":{"0":"post-79935","1":"product","2":"type-product","3":"status-publish","4":"has-post-thumbnail","6":"product_cat-chaussures-artisanales-femme","7":"product_cat-talons-artisanaux-femme","8":"product_tag-sandales-artisanales-a-talons","9":"product_tag-talons-artisanaux-femme","10":"pa_taglia-1349","11":"pa_taglia-1356","12":"pa_taglia-1354","13":"pa_taglia-1357","14":"pa_taglia-1355","15":"pa_taglia-1353","16":"pa_taglia-1352","18":"first","19":"instock","20":"taxable","21":"shipping-taxable","22":"purchasable","23":"product-type-variable"},"yoast_head":"<!-- This site is optimized with the Yoast SEO plugin v27.4 - https:\/\/yoast.com\/product\/yoast-seo-wordpress\/ -->\n<title>Talons artisanaux en daim jeans avec n\u0153ud | Ellebi<\/title>\n<meta name=\"description\" content=\"Sandales artisanales en daim couleur jeans avec \u00e9l\u00e9gant n\u0153ud frontal et talon 4 cm. Semelle int\u00e9rieure en cuir et semelle antid\u00e9rapante.\" \/>\n<meta name=\"robots\" content=\"index, follow, max-snippet:-1, max-image-preview:large, max-video-preview:-1\" \/>\n<link rel=\"canonical\" href=\"https:\/\/ellebicalzature.it\/fr\/product\/talons-artisanaux-en-daim-jeans-avec-noeud\/\" \/>\n<meta property=\"og:locale\" content=\"fr_FR\" \/>\n<meta property=\"og:type\" content=\"article\" \/>\n<meta property=\"og:title\" content=\"Talons artisanaux en daim jeans avec n\u0153ud | Ellebi\" \/>\n<meta property=\"og:description\" content=\"Sandales artisanales en daim couleur jeans avec \u00e9l\u00e9gant n\u0153ud frontal et talon 4 cm. Semelle int\u00e9rieure en cuir et semelle antid\u00e9rapante.\" \/>\n<meta property=\"og:url\" content=\"https:\/\/ellebicalzature.it\/fr\/product\/talons-artisanaux-en-daim-jeans-avec-noeud\/\" \/>\n<meta property=\"og:site_name\" content=\"Ellebi\" \/>\n<meta property=\"article:publisher\" content=\"https:\/\/www.facebook.com\/ellebisandaliartigianaligallipoli\/\" \/>\n<meta property=\"article:modified_time\" content=\"2026-05-12T10:57:59+00:00\" \/>\n<meta name=\"twitter:card\" content=\"summary_large_image\" \/>\n<script type=\"application\/ld+json\" class=\"yoast-schema-graph\">{\"@context\":\"https:\\\/\\\/schema.org\",\"@graph\":[{\"@type\":\"WebPage\",\"@id\":\"https:\\\/\\\/ellebicalzature.it\\\/fr\\\/product\\\/talons-artisanaux-en-daim-jeans-avec-noeud\\\/\",\"url\":\"https:\\\/\\\/ellebicalzature.it\\\/fr\\\/product\\\/talons-artisanaux-en-daim-jeans-avec-noeud\\\/\",\"name\":\"Talons artisanaux en daim jeans avec n\u0153ud | Ellebi\",\"isPartOf\":{\"@id\":\"https:\\\/\\\/ellebicalzature.it\\\/fr\\\/#website\"},\"primaryImageOfPage\":{\"@id\":\"https:\\\/\\\/ellebicalzature.it\\\/fr\\\/product\\\/talons-artisanaux-en-daim-jeans-avec-noeud\\\/#primaryimage\"},\"image\":{\"@id\":\"https:\\\/\\\/ellebicalzature.it\\\/fr\\\/product\\\/talons-artisanaux-en-daim-jeans-avec-noeud\\\/#primaryimage\"},\"thumbnailUrl\":\"https:\\\/\\\/ellebicalzature.it\\\/wp-content\\\/uploads\\\/2026\\\/05\\\/immagine_1778583397.webp\",\"datePublished\":\"2026-05-12T10:57:58+00:00\",\"dateModified\":\"2026-05-12T10:57:59+00:00\",\"description\":\"Sandales artisanales en daim couleur jeans avec \u00e9l\u00e9gant n\u0153ud frontal et talon 4 cm. Semelle int\u00e9rieure en cuir et semelle antid\u00e9rapante.\",\"breadcrumb\":{\"@id\":\"https:\\\/\\\/ellebicalzature.it\\\/fr\\\/product\\\/talons-artisanaux-en-daim-jeans-avec-noeud\\\/#breadcrumb\"},\"inLanguage\":\"fr-FR\",\"potentialAction\":[{\"@type\":\"ReadAction\",\"target\":[\"https:\\\/\\\/ellebicalzature.it\\\/fr\\\/product\\\/talons-artisanaux-en-daim-jeans-avec-noeud\\\/\"]}]},{\"@type\":\"ImageObject\",\"inLanguage\":\"fr-FR\",\"@id\":\"https:\\\/\\\/ellebicalzature.it\\\/fr\\\/product\\\/talons-artisanaux-en-daim-jeans-avec-noeud\\\/#primaryimage\",\"url\":\"https:\\\/\\\/ellebicalzature.it\\\/wp-content\\\/uploads\\\/2026\\\/05\\\/immagine_1778583397.webp\",\"contentUrl\":\"https:\\\/\\\/ellebicalzature.it\\\/wp-content\\\/uploads\\\/2026\\\/05\\\/immagine_1778583397.webp\",\"width\":1274,\"height\":1058},{\"@type\":\"BreadcrumbList\",\"@id\":\"https:\\\/\\\/ellebicalzature.it\\\/fr\\\/product\\\/talons-artisanaux-en-daim-jeans-avec-noeud\\\/#breadcrumb\",\"itemListElement\":[{\"@type\":\"ListItem\",\"position\":1,\"name\":\"Home\",\"item\":\"https:\\\/\\\/ellebicalzature.it\\\/fr\\\/\"},{\"@type\":\"ListItem\",\"position\":2,\"name\":\"Boutique\",\"item\":\"https:\\\/\\\/ellebicalzature.it\\\/fr\\\/boutique\\\/\"},{\"@type\":\"ListItem\",\"position\":3,\"name\":\"Talons artisanaux en daim jeans avec n\u0153ud\"}]},{\"@type\":\"WebSite\",\"@id\":\"https:\\\/\\\/ellebicalzature.it\\\/fr\\\/#website\",\"url\":\"https:\\\/\\\/ellebicalzature.it\\\/fr\\\/\",\"name\":\"Elleb\u00ec\",\"description\":\"Calzature e accessori Gallipoli\",\"publisher\":{\"@id\":\"https:\\\/\\\/ellebicalzature.it\\\/fr\\\/#organization\"},\"alternateName\":\"Elleb\u00ec | Calzature Gallipoli\",\"potentialAction\":[{\"@type\":\"SearchAction\",\"target\":{\"@type\":\"EntryPoint\",\"urlTemplate\":\"https:\\\/\\\/ellebicalzature.it\\\/fr\\\/?s={search_term_string}\"},\"query-input\":{\"@type\":\"PropertyValueSpecification\",\"valueRequired\":true,\"valueName\":\"search_term_string\"}}],\"inLanguage\":\"fr-FR\"},{\"@type\":\"Organization\",\"@id\":\"https:\\\/\\\/ellebicalzature.it\\\/fr\\\/#organization\",\"name\":\"Ellebi\",\"url\":\"https:\\\/\\\/ellebicalzature.it\\\/fr\\\/\",\"logo\":{\"@type\":\"ImageObject\",\"inLanguage\":\"fr-FR\",\"@id\":\"https:\\\/\\\/ellebicalzature.it\\\/fr\\\/#\\\/schema\\\/logo\\\/image\\\/\",\"url\":\"https:\\\/\\\/ellebicalzature.it\\\/wp-content\\\/uploads\\\/2024\\\/04\\\/logo-ellebi.png\",\"contentUrl\":\"https:\\\/\\\/ellebicalzature.it\\\/wp-content\\\/uploads\\\/2024\\\/04\\\/logo-ellebi.png\",\"width\":221,\"height\":131,\"caption\":\"Ellebi\"},\"image\":{\"@id\":\"https:\\\/\\\/ellebicalzature.it\\\/fr\\\/#\\\/schema\\\/logo\\\/image\\\/\"},\"sameAs\":[\"https:\\\/\\\/www.facebook.com\\\/ellebisandaliartigianaligallipoli\\\/\",\"https:\\\/\\\/www.instagram.com\\\/ellebicalzature\\\/?hl=it\"]}]}<\/script>\n<!-- \/ Yoast SEO plugin. -->","yoast_head_json":{"title":"Talons artisanaux en daim jeans avec n\u0153ud | Ellebi","description":"Sandales artisanales en daim couleur jeans avec \u00e9l\u00e9gant n\u0153ud frontal et talon 4 cm. Semelle int\u00e9rieure en cuir et semelle antid\u00e9rapante.","robots":{"index":"index","follow":"follow","max-snippet":"max-snippet:-1","max-image-preview":"max-image-preview:large","max-video-preview":"max-video-preview:-1"},"canonical":"https:\/\/ellebicalzature.it\/fr\/product\/talons-artisanaux-en-daim-jeans-avec-noeud\/","og_locale":"fr_FR","og_type":"article","og_title":"Talons artisanaux en daim jeans avec n\u0153ud | Ellebi","og_description":"Sandales artisanales en daim couleur jeans avec \u00e9l\u00e9gant n\u0153ud frontal et talon 4 cm. Semelle int\u00e9rieure en cuir et semelle antid\u00e9rapante.","og_url":"https:\/\/ellebicalzature.it\/fr\/product\/talons-artisanaux-en-daim-jeans-avec-noeud\/","og_site_name":"Ellebi","article_publisher":"https:\/\/www.facebook.com\/ellebisandaliartigianaligallipoli\/","article_modified_time":"2026-05-12T10:57:59+00:00","twitter_card":"summary_large_image","schema":{"@context":"https:\/\/schema.org","@graph":[{"@type":"WebPage","@id":"https:\/\/ellebicalzature.it\/fr\/product\/talons-artisanaux-en-daim-jeans-avec-noeud\/","url":"https:\/\/ellebicalzature.it\/fr\/product\/talons-artisanaux-en-daim-jeans-avec-noeud\/","name":"Talons artisanaux en daim jeans avec n\u0153ud | Ellebi","isPartOf":{"@id":"https:\/\/ellebicalzature.it\/fr\/#website"},"primaryImageOfPage":{"@id":"https:\/\/ellebicalzature.it\/fr\/product\/talons-artisanaux-en-daim-jeans-avec-noeud\/#primaryimage"},"image":{"@id":"https:\/\/ellebicalzature.it\/fr\/product\/talons-artisanaux-en-daim-jeans-avec-noeud\/#primaryimage"},"thumbnailUrl":"https:\/\/ellebicalzature.it\/wp-content\/uploads\/2026\/05\/immagine_1778583397.webp","datePublished":"2026-05-12T10:57:58+00:00","dateModified":"2026-05-12T10:57:59+00:00","description":"Sandales artisanales en daim couleur jeans avec \u00e9l\u00e9gant n\u0153ud frontal et talon 4 cm. Semelle int\u00e9rieure en cuir et semelle antid\u00e9rapante.","breadcrumb":{"@id":"https:\/\/ellebicalzature.it\/fr\/product\/talons-artisanaux-en-daim-jeans-avec-noeud\/#breadcrumb"},"inLanguage":"fr-FR","potentialAction":[{"@type":"ReadAction","target":["https:\/\/ellebicalzature.it\/fr\/product\/talons-artisanaux-en-daim-jeans-avec-noeud\/"]}]},{"@type":"ImageObject","inLanguage":"fr-FR","@id":"https:\/\/ellebicalzature.it\/fr\/product\/talons-artisanaux-en-daim-jeans-avec-noeud\/#primaryimage","url":"https:\/\/ellebicalzature.it\/wp-content\/uploads\/2026\/05\/immagine_1778583397.webp","contentUrl":"https:\/\/ellebicalzature.it\/wp-content\/uploads\/2026\/05\/immagine_1778583397.webp","width":1274,"height":1058},{"@type":"BreadcrumbList","@id":"https:\/\/ellebicalzature.it\/fr\/product\/talons-artisanaux-en-daim-jeans-avec-noeud\/#breadcrumb","itemListElement":[{"@type":"ListItem","position":1,"name":"Home","item":"https:\/\/ellebicalzature.it\/fr\/"},{"@type":"ListItem","position":2,"name":"Boutique","item":"https:\/\/ellebicalzature.it\/fr\/boutique\/"},{"@type":"ListItem","position":3,"name":"Talons artisanaux en daim jeans avec n\u0153ud"}]},{"@type":"WebSite","@id":"https:\/\/ellebicalzature.it\/fr\/#website","url":"https:\/\/ellebicalzature.it\/fr\/","name":"Elleb\u00ec","description":"Calzature e accessori Gallipoli","publisher":{"@id":"https:\/\/ellebicalzature.it\/fr\/#organization"},"alternateName":"Elleb\u00ec | Calzature Gallipoli","potentialAction":[{"@type":"SearchAction","target":{"@type":"EntryPoint","urlTemplate":"https:\/\/ellebicalzature.it\/fr\/?s={search_term_string}"},"query-input":{"@type":"PropertyValueSpecification","valueRequired":true,"valueName":"search_term_string"}}],"inLanguage":"fr-FR"},{"@type":"Organization","@id":"https:\/\/ellebicalzature.it\/fr\/#organization","name":"Ellebi","url":"https:\/\/ellebicalzature.it\/fr\/","logo":{"@type":"ImageObject","inLanguage":"fr-FR","@id":"https:\/\/ellebicalzature.it\/fr\/#\/schema\/logo\/image\/","url":"https:\/\/ellebicalzature.it\/wp-content\/uploads\/2024\/04\/logo-ellebi.png","contentUrl":"https:\/\/ellebicalzature.it\/wp-content\/uploads\/2024\/04\/logo-ellebi.png","width":221,"height":131,"caption":"Ellebi"},"image":{"@id":"https:\/\/ellebicalzature.it\/fr\/#\/schema\/logo\/image\/"},"sameAs":["https:\/\/www.facebook.com\/ellebisandaliartigianaligallipoli\/","https:\/\/www.instagram.com\/ellebicalzature\/?hl=it"]}]}},"_links":{"self":[{"href":"https:\/\/ellebicalzature.it\/fr\/wp-json\/wp\/v2\/product\/79935","targetHints":{"allow":["GET"]}}],"collection":[{"href":"https:\/\/ellebicalzature.it\/fr\/wp-json\/wp\/v2\/product"}],"about":[{"href":"https:\/\/ellebicalzature.it\/fr\/wp-json\/wp\/v2\/types\/product"}],"replies":[{"embeddable":true,"href":"https:\/\/ellebicalzature.it\/fr\/wp-json\/wp\/v2\/comments?post=79935"}],"version-history":[{"count":1,"href":"https:\/\/ellebicalzature.it\/fr\/wp-json\/wp\/v2\/product\/79935\/revisions"}],"predecessor-version":[{"id":80248,"href":"https:\/\/ellebicalzature.it\/fr\/wp-json\/wp\/v2\/product\/79935\/revisions\/80248"}],"wp:featuredmedia":[{"embeddable":true,"href":"https:\/\/ellebicalzature.it\/fr\/wp-json\/wp\/v2\/media\/80253"}],"wp:attachment":[{"href":"https:\/\/ellebicalzature.it\/fr\/wp-json\/wp\/v2\/media?parent=79935"}],"wp:term":[{"taxonomy":"product_brand","embeddable":true,"href":"https:\/\/ellebicalzature.it\/fr\/wp-json\/wp\/v2\/product_brand?post=79935"},{"taxonomy":"product_cat","embeddable":true,"href":"https:\/\/ellebicalzature.it\/fr\/wp-json\/wp\/v2\/product_cat?post=79935"},{"taxonomy":"product_tag","embeddable":true,"href":"https:\/\/ellebicalzature.it\/fr\/wp-json\/wp\/v2\/product_tag?post=79935"}],"curies":[{"name":"wp","href":"https:\/\/api.w.org\/{rel}","templated":true}]}}