{"id":80096,"date":"2026-05-11T13:28:28","date_gmt":"2026-05-11T12:28:28","guid":{"rendered":"https:\/\/ellebicalzature.it\/?post_type=product&#038;p=80096"},"modified":"2026-05-11T13:28:29","modified_gmt":"2026-05-11T12:28:29","slug":"sandales-escarpins-artisanales-couleur-noir","status":"publish","type":"product","link":"https:\/\/ellebicalzature.it\/fr\/product\/sandales-escarpins-artisanales-couleur-noir\/","title":{"rendered":"Sandales escarpins artisanales couleur noir"},"content":{"rendered":"<p>Sandales escarpins au design \u00e9l\u00e9gant et f\u00e9minin, avec brides entrelac\u00e9es, bout effil\u00e9 et talon aiguille de 8 cm. Parfaites pour les c\u00e9r\u00e9monies, les \u00e9v\u00e9nements ou les looks raffin\u00e9s. <\/p>\n","protected":false},"excerpt":{"rendered":"<p>Sandales escarpins artisanales au design raffin\u00e9 et \u00e9l\u00e9gant, enti\u00e8rement r\u00e9alis\u00e9es en cuir v\u00e9ritable pour garantir confort, qualit\u00e9 et style. Ce mod\u00e8le pr\u00e9sente des brides entrelac\u00e9es au go\u00fbt f\u00e9minin, un bout effil\u00e9 et une bride \u00e0 la cheville assurant un maintien stable et une silhouette \u00e9lanc\u00e9e. <\/p>\n<p>Le talon de 8 cm apporte de l\u2019\u00e9l\u00e9gance sans renoncer au confort, ce qui les rend parfaites pour les c\u00e9r\u00e9monies, les \u00e9v\u00e9nements, les occasions sp\u00e9ciales ou les looks sophistiqu\u00e9s. La semelle antid\u00e9rapante compl\u00e8te le mod\u00e8le, con\u00e7ue pour offrir plus de s\u00e9curit\u00e9 et de stabilit\u00e9 \u00e0 chaque pas. <\/p>\n","protected":false},"featured_media":80191,"comment_status":"open","ping_status":"closed","template":"","meta":{"_monsterinsights_skip_tracking":false,"_monsterinsights_sitenote_active":false,"_monsterinsights_sitenote_note":"","_monsterinsights_sitenote_category":0},"product_brand":[],"product_cat":[1217,1227],"product_tag":[2933,2939],"class_list":{"0":"post-80096","1":"product","2":"type-product","3":"status-publish","4":"has-post-thumbnail","6":"product_cat-chaussures-artisanales-femme","7":"product_cat-talons-artisanaux-femme","8":"product_tag-escarpins-artisanaux","9":"product_tag-sandales-artisanales-pour-femme-avec-talon","10":"pa_taglia-1349","11":"pa_taglia-1356","12":"pa_taglia-1354","13":"pa_taglia-1357","14":"pa_taglia-1355","15":"pa_taglia-1353","16":"pa_taglia-1352","18":"first","19":"instock","20":"taxable","21":"shipping-taxable","22":"purchasable","23":"product-type-variable"},"yoast_head":"<!-- This site is optimized with the Yoast SEO plugin v27.4 - https:\/\/yoast.com\/product\/yoast-seo-wordpress\/ -->\n<title>Sandales escarpins artisanales couleur noir | Ellebi<\/title>\n<meta name=\"description\" content=\"Sandales escarpins au design \u00e9l\u00e9gant et f\u00e9minin, avec brides entrelac\u00e9es, bout effil\u00e9 et talon aiguille de 8 cm. Id\u00e9ales pour toutes les occasions.\" \/>\n<meta name=\"robots\" content=\"index, follow, max-snippet:-1, max-image-preview:large, max-video-preview:-1\" \/>\n<link rel=\"canonical\" href=\"https:\/\/ellebicalzature.it\/fr\/product\/sandales-escarpins-artisanales-couleur-noir\/\" \/>\n<meta property=\"og:locale\" content=\"fr_FR\" \/>\n<meta property=\"og:type\" content=\"article\" \/>\n<meta property=\"og:title\" content=\"Sandales escarpins artisanales couleur noir | Ellebi\" \/>\n<meta property=\"og:description\" content=\"Sandales escarpins au design \u00e9l\u00e9gant et f\u00e9minin, avec brides entrelac\u00e9es, bout effil\u00e9 et talon aiguille de 8 cm. Id\u00e9ales pour toutes les occasions.\" \/>\n<meta property=\"og:url\" content=\"https:\/\/ellebicalzature.it\/fr\/product\/sandales-escarpins-artisanales-couleur-noir\/\" \/>\n<meta property=\"og:site_name\" content=\"Ellebi\" \/>\n<meta property=\"article:publisher\" content=\"https:\/\/www.facebook.com\/ellebisandaliartigianaligallipoli\/\" \/>\n<meta property=\"article:modified_time\" content=\"2026-05-11T12:28:29+00:00\" \/>\n<meta name=\"twitter:card\" content=\"summary_large_image\" \/>\n<script type=\"application\/ld+json\" class=\"yoast-schema-graph\">{\"@context\":\"https:\\\/\\\/schema.org\",\"@graph\":[{\"@type\":\"WebPage\",\"@id\":\"https:\\\/\\\/ellebicalzature.it\\\/fr\\\/product\\\/sandales-escarpins-artisanales-couleur-noir\\\/\",\"url\":\"https:\\\/\\\/ellebicalzature.it\\\/fr\\\/product\\\/sandales-escarpins-artisanales-couleur-noir\\\/\",\"name\":\"Sandales escarpins artisanales couleur noir | Ellebi\",\"isPartOf\":{\"@id\":\"https:\\\/\\\/ellebicalzature.it\\\/fr\\\/#website\"},\"primaryImageOfPage\":{\"@id\":\"https:\\\/\\\/ellebicalzature.it\\\/fr\\\/product\\\/sandales-escarpins-artisanales-couleur-noir\\\/#primaryimage\"},\"image\":{\"@id\":\"https:\\\/\\\/ellebicalzature.it\\\/fr\\\/product\\\/sandales-escarpins-artisanales-couleur-noir\\\/#primaryimage\"},\"thumbnailUrl\":\"https:\\\/\\\/ellebicalzature.it\\\/wp-content\\\/uploads\\\/2026\\\/05\\\/immagine_1778502414-1-e1778503595337.webp\",\"datePublished\":\"2026-05-11T12:28:28+00:00\",\"dateModified\":\"2026-05-11T12:28:29+00:00\",\"description\":\"Sandales escarpins au design \u00e9l\u00e9gant et f\u00e9minin, avec brides entrelac\u00e9es, bout effil\u00e9 et talon aiguille de 8 cm. Id\u00e9ales pour toutes les occasions.\",\"breadcrumb\":{\"@id\":\"https:\\\/\\\/ellebicalzature.it\\\/fr\\\/product\\\/sandales-escarpins-artisanales-couleur-noir\\\/#breadcrumb\"},\"inLanguage\":\"fr-FR\",\"potentialAction\":[{\"@type\":\"ReadAction\",\"target\":[\"https:\\\/\\\/ellebicalzature.it\\\/fr\\\/product\\\/sandales-escarpins-artisanales-couleur-noir\\\/\"]}]},{\"@type\":\"ImageObject\",\"inLanguage\":\"fr-FR\",\"@id\":\"https:\\\/\\\/ellebicalzature.it\\\/fr\\\/product\\\/sandales-escarpins-artisanales-couleur-noir\\\/#primaryimage\",\"url\":\"https:\\\/\\\/ellebicalzature.it\\\/wp-content\\\/uploads\\\/2026\\\/05\\\/immagine_1778502414-1-e1778503595337.webp\",\"contentUrl\":\"https:\\\/\\\/ellebicalzature.it\\\/wp-content\\\/uploads\\\/2026\\\/05\\\/immagine_1778502414-1-e1778503595337.webp\",\"width\":1574,\"height\":1618},{\"@type\":\"BreadcrumbList\",\"@id\":\"https:\\\/\\\/ellebicalzature.it\\\/fr\\\/product\\\/sandales-escarpins-artisanales-couleur-noir\\\/#breadcrumb\",\"itemListElement\":[{\"@type\":\"ListItem\",\"position\":1,\"name\":\"Home\",\"item\":\"https:\\\/\\\/ellebicalzature.it\\\/fr\\\/\"},{\"@type\":\"ListItem\",\"position\":2,\"name\":\"Boutique\",\"item\":\"https:\\\/\\\/ellebicalzature.it\\\/fr\\\/boutique\\\/\"},{\"@type\":\"ListItem\",\"position\":3,\"name\":\"Sandales escarpins artisanales couleur noir\"}]},{\"@type\":\"WebSite\",\"@id\":\"https:\\\/\\\/ellebicalzature.it\\\/fr\\\/#website\",\"url\":\"https:\\\/\\\/ellebicalzature.it\\\/fr\\\/\",\"name\":\"Elleb\u00ec\",\"description\":\"Calzature e accessori Gallipoli\",\"publisher\":{\"@id\":\"https:\\\/\\\/ellebicalzature.it\\\/fr\\\/#organization\"},\"alternateName\":\"Elleb\u00ec | Calzature Gallipoli\",\"potentialAction\":[{\"@type\":\"SearchAction\",\"target\":{\"@type\":\"EntryPoint\",\"urlTemplate\":\"https:\\\/\\\/ellebicalzature.it\\\/fr\\\/?s={search_term_string}\"},\"query-input\":{\"@type\":\"PropertyValueSpecification\",\"valueRequired\":true,\"valueName\":\"search_term_string\"}}],\"inLanguage\":\"fr-FR\"},{\"@type\":\"Organization\",\"@id\":\"https:\\\/\\\/ellebicalzature.it\\\/fr\\\/#organization\",\"name\":\"Ellebi\",\"url\":\"https:\\\/\\\/ellebicalzature.it\\\/fr\\\/\",\"logo\":{\"@type\":\"ImageObject\",\"inLanguage\":\"fr-FR\",\"@id\":\"https:\\\/\\\/ellebicalzature.it\\\/fr\\\/#\\\/schema\\\/logo\\\/image\\\/\",\"url\":\"https:\\\/\\\/ellebicalzature.it\\\/wp-content\\\/uploads\\\/2024\\\/04\\\/logo-ellebi.png\",\"contentUrl\":\"https:\\\/\\\/ellebicalzature.it\\\/wp-content\\\/uploads\\\/2024\\\/04\\\/logo-ellebi.png\",\"width\":221,\"height\":131,\"caption\":\"Ellebi\"},\"image\":{\"@id\":\"https:\\\/\\\/ellebicalzature.it\\\/fr\\\/#\\\/schema\\\/logo\\\/image\\\/\"},\"sameAs\":[\"https:\\\/\\\/www.facebook.com\\\/ellebisandaliartigianaligallipoli\\\/\",\"https:\\\/\\\/www.instagram.com\\\/ellebicalzature\\\/?hl=it\"]}]}<\/script>\n<!-- \/ Yoast SEO plugin. -->","yoast_head_json":{"title":"Sandales escarpins artisanales couleur noir | Ellebi","description":"Sandales escarpins au design \u00e9l\u00e9gant et f\u00e9minin, avec brides entrelac\u00e9es, bout effil\u00e9 et talon aiguille de 8 cm. Id\u00e9ales pour toutes les occasions.","robots":{"index":"index","follow":"follow","max-snippet":"max-snippet:-1","max-image-preview":"max-image-preview:large","max-video-preview":"max-video-preview:-1"},"canonical":"https:\/\/ellebicalzature.it\/fr\/product\/sandales-escarpins-artisanales-couleur-noir\/","og_locale":"fr_FR","og_type":"article","og_title":"Sandales escarpins artisanales couleur noir | Ellebi","og_description":"Sandales escarpins au design \u00e9l\u00e9gant et f\u00e9minin, avec brides entrelac\u00e9es, bout effil\u00e9 et talon aiguille de 8 cm. Id\u00e9ales pour toutes les occasions.","og_url":"https:\/\/ellebicalzature.it\/fr\/product\/sandales-escarpins-artisanales-couleur-noir\/","og_site_name":"Ellebi","article_publisher":"https:\/\/www.facebook.com\/ellebisandaliartigianaligallipoli\/","article_modified_time":"2026-05-11T12:28:29+00:00","twitter_card":"summary_large_image","schema":{"@context":"https:\/\/schema.org","@graph":[{"@type":"WebPage","@id":"https:\/\/ellebicalzature.it\/fr\/product\/sandales-escarpins-artisanales-couleur-noir\/","url":"https:\/\/ellebicalzature.it\/fr\/product\/sandales-escarpins-artisanales-couleur-noir\/","name":"Sandales escarpins artisanales couleur noir | Ellebi","isPartOf":{"@id":"https:\/\/ellebicalzature.it\/fr\/#website"},"primaryImageOfPage":{"@id":"https:\/\/ellebicalzature.it\/fr\/product\/sandales-escarpins-artisanales-couleur-noir\/#primaryimage"},"image":{"@id":"https:\/\/ellebicalzature.it\/fr\/product\/sandales-escarpins-artisanales-couleur-noir\/#primaryimage"},"thumbnailUrl":"https:\/\/ellebicalzature.it\/wp-content\/uploads\/2026\/05\/immagine_1778502414-1-e1778503595337.webp","datePublished":"2026-05-11T12:28:28+00:00","dateModified":"2026-05-11T12:28:29+00:00","description":"Sandales escarpins au design \u00e9l\u00e9gant et f\u00e9minin, avec brides entrelac\u00e9es, bout effil\u00e9 et talon aiguille de 8 cm. Id\u00e9ales pour toutes les occasions.","breadcrumb":{"@id":"https:\/\/ellebicalzature.it\/fr\/product\/sandales-escarpins-artisanales-couleur-noir\/#breadcrumb"},"inLanguage":"fr-FR","potentialAction":[{"@type":"ReadAction","target":["https:\/\/ellebicalzature.it\/fr\/product\/sandales-escarpins-artisanales-couleur-noir\/"]}]},{"@type":"ImageObject","inLanguage":"fr-FR","@id":"https:\/\/ellebicalzature.it\/fr\/product\/sandales-escarpins-artisanales-couleur-noir\/#primaryimage","url":"https:\/\/ellebicalzature.it\/wp-content\/uploads\/2026\/05\/immagine_1778502414-1-e1778503595337.webp","contentUrl":"https:\/\/ellebicalzature.it\/wp-content\/uploads\/2026\/05\/immagine_1778502414-1-e1778503595337.webp","width":1574,"height":1618},{"@type":"BreadcrumbList","@id":"https:\/\/ellebicalzature.it\/fr\/product\/sandales-escarpins-artisanales-couleur-noir\/#breadcrumb","itemListElement":[{"@type":"ListItem","position":1,"name":"Home","item":"https:\/\/ellebicalzature.it\/fr\/"},{"@type":"ListItem","position":2,"name":"Boutique","item":"https:\/\/ellebicalzature.it\/fr\/boutique\/"},{"@type":"ListItem","position":3,"name":"Sandales escarpins artisanales couleur noir"}]},{"@type":"WebSite","@id":"https:\/\/ellebicalzature.it\/fr\/#website","url":"https:\/\/ellebicalzature.it\/fr\/","name":"Elleb\u00ec","description":"Calzature e accessori Gallipoli","publisher":{"@id":"https:\/\/ellebicalzature.it\/fr\/#organization"},"alternateName":"Elleb\u00ec | Calzature Gallipoli","potentialAction":[{"@type":"SearchAction","target":{"@type":"EntryPoint","urlTemplate":"https:\/\/ellebicalzature.it\/fr\/?s={search_term_string}"},"query-input":{"@type":"PropertyValueSpecification","valueRequired":true,"valueName":"search_term_string"}}],"inLanguage":"fr-FR"},{"@type":"Organization","@id":"https:\/\/ellebicalzature.it\/fr\/#organization","name":"Ellebi","url":"https:\/\/ellebicalzature.it\/fr\/","logo":{"@type":"ImageObject","inLanguage":"fr-FR","@id":"https:\/\/ellebicalzature.it\/fr\/#\/schema\/logo\/image\/","url":"https:\/\/ellebicalzature.it\/wp-content\/uploads\/2024\/04\/logo-ellebi.png","contentUrl":"https:\/\/ellebicalzature.it\/wp-content\/uploads\/2024\/04\/logo-ellebi.png","width":221,"height":131,"caption":"Ellebi"},"image":{"@id":"https:\/\/ellebicalzature.it\/fr\/#\/schema\/logo\/image\/"},"sameAs":["https:\/\/www.facebook.com\/ellebisandaliartigianaligallipoli\/","https:\/\/www.instagram.com\/ellebicalzature\/?hl=it"]}]}},"_links":{"self":[{"href":"https:\/\/ellebicalzature.it\/fr\/wp-json\/wp\/v2\/product\/80096","targetHints":{"allow":["GET"]}}],"collection":[{"href":"https:\/\/ellebicalzature.it\/fr\/wp-json\/wp\/v2\/product"}],"about":[{"href":"https:\/\/ellebicalzature.it\/fr\/wp-json\/wp\/v2\/types\/product"}],"replies":[{"embeddable":true,"href":"https:\/\/ellebicalzature.it\/fr\/wp-json\/wp\/v2\/comments?post=80096"}],"version-history":[{"count":1,"href":"https:\/\/ellebicalzature.it\/fr\/wp-json\/wp\/v2\/product\/80096\/revisions"}],"predecessor-version":[{"id":80186,"href":"https:\/\/ellebicalzature.it\/fr\/wp-json\/wp\/v2\/product\/80096\/revisions\/80186"}],"wp:featuredmedia":[{"embeddable":true,"href":"https:\/\/ellebicalzature.it\/fr\/wp-json\/wp\/v2\/media\/80191"}],"wp:attachment":[{"href":"https:\/\/ellebicalzature.it\/fr\/wp-json\/wp\/v2\/media?parent=80096"}],"wp:term":[{"taxonomy":"product_brand","embeddable":true,"href":"https:\/\/ellebicalzature.it\/fr\/wp-json\/wp\/v2\/product_brand?post=80096"},{"taxonomy":"product_cat","embeddable":true,"href":"https:\/\/ellebicalzature.it\/fr\/wp-json\/wp\/v2\/product_cat?post=80096"},{"taxonomy":"product_tag","embeddable":true,"href":"https:\/\/ellebicalzature.it\/fr\/wp-json\/wp\/v2\/product_tag?post=80096"}],"curies":[{"name":"wp","href":"https:\/\/api.w.org\/{rel}","templated":true}]}}